{"id":3233,"date":"2017-07-12T04:37:10","date_gmt":"2017-07-12T09:37:10","guid":{"rendered":"https:\/\/www.geekine.com\/politica-de-privacidad\/"},"modified":"2025-06-15T00:44:06","modified_gmt":"2025-06-15T05:44:06","slug":"privacy-policy","status":"publish","type":"page","link":"https:\/\/geekine.com\/en\/privacy-policy\/","title":{"rendered":"Privacy Policy"},"content":{"rendered":"<p class=\"ai-optimize-6 ai-optimize-introduction\">Last updated: July 2023.<\/p>\n<h3 class=\"ai-optimize-7\"><strong>1.<\/strong>\u00a0<strong>USER INFORMATION<\/strong><\/h3>\n<p class=\"ai-optimize-8\"><strong>QHERO<\/strong>, As the Data Controller, we inform you that, in accordance with Regulation (EU) 2016\/679 of 27 April (GDPR) and Organic Law 3\/2018 of 5 December on the protection of personal data and guarantee of digital rights (LOPDGDD), we will process your data as reflected in this Privacy Policy.<\/p>\n<p class=\"ai-optimize-9\">In this Privacy Policy we describe how and why we collect your personal data, what we do with it, who we share it with, how we protect it, and your choices regarding the processing of your personal data.<\/p>\n<p class=\"ai-optimize-10\">This Policy applies to the processing of your personal data collected by the company for the provision of its services. By accepting the terms of this Policy, you consent to the processing of your personal data as defined herein.<\/p>\n<h3 class=\"ai-optimize-11\"><strong>2. CONTACT<\/strong><\/h3>\n<p class=\"ai-optimize-12\">Company name:\u00a0<strong>QHERO<\/strong><br \/>\nTrade name:\u00a0<strong>QHERO<\/strong><br \/>\nCIF:\u00a0<strong>****##### \u2013 ****#####<\/strong><br \/>\nHome:\u00a0<strong>Cauca Valley \u2013 Cali \u2013 Colombia<\/strong><br \/>\ne-mail:\u00a0<strong><a href=\"https:\/\/qhero.net\/contactanos\/\">contact form<\/a><\/strong><\/p>\n<h3 class=\"ai-optimize-13\"><strong>3. KEY PRINCIPLES<\/strong><\/h3>\n<p class=\"ai-optimize-14\">We have always been committed to providing our services with the highest level of quality, which includes treating your data securely and transparently. Our principles are:<\/p>\n<ul>\n<li class=\"ai-optimize-15\"><strong>Legality<\/strong>We will only collect your Personal Data for specific, explicit, and legitimate purposes.<\/li>\n<li class=\"ai-optimize-16\"><strong>Data minimization<\/strong>We limit the collection of personal data to what is strictly relevant and necessary for the purposes for which it has been collected.<\/li>\n<li class=\"ai-optimize-17\"><strong>Purpose Limitation<\/strong>We will only collect your personal data for the stated purposes and only according to your wishes.<\/li>\n<li class=\"ai-optimize-18\"><strong>Precision<\/strong>We will keep your personal data accurate and up to date.<\/li>\n<li class=\"ai-optimize-19\"><strong>Data Security<\/strong>We apply appropriate and proportionate technical and organizational measures to ensure that your data is not harmed, such as unauthorized disclosure or access, accidental or unlawful destruction or accidental loss or alteration, and any other form of unlawful processing.<\/li>\n<li class=\"ai-optimize-20\"><strong>Access and Rectification<\/strong>We have the means for you to access or correct your data whenever you deem it appropriate.<\/li>\n<li class=\"ai-optimize-21\"><strong>Conservation<\/strong>We retain your personal data lawfully and appropriately and only for as long as necessary for the purposes for which it was collected.<\/li>\n<li class=\"ai-optimize-22\"><strong>International transfers<\/strong>: when your data is to be transferred outside the EU\/EEA it will be adequately protected.<\/li>\n<li class=\"ai-optimize-23\"><strong>Third parties<\/strong>Access to and transfer of personal data to third parties is carried out in accordance with applicable laws and regulations and with appropriate contractual safeguards.<\/li>\n<li class=\"ai-optimize-24\"><strong>Direct Marketing and Cookies<\/strong>We comply with applicable legislation regarding advertising and cookies.<\/li>\n<\/ul>\n<h3 class=\"ai-optimize-25\"><strong>4. COLLECTION AND PROCESSING OF YOUR PERSONAL DATA<\/strong><\/h3>\n<p class=\"ai-optimize-26\">The types of data that can be requested and processed are:<\/p>\n<ul>\n<li class=\"ai-optimize-27\">Identifying information.<\/li>\n<\/ul>\n<p class=\"ai-optimize-28\">We also automatically collect data about your visit to our website, as described in the cookie policy.<\/p>\n<p class=\"ai-optimize-29\">Whenever we request your personal data, we will clearly inform you what personal data we collect and for what purpose. In general, we collect and process your personal data for the purpose of:<\/p>\n<ul>\n<li class=\"ai-optimize-30\">To provide information, services, products, relevant information and news in the sector.<\/li>\n<li class=\"ai-optimize-31\">Sending communications.<\/li>\n<\/ul>\n<h3 class=\"ai-optimize-32\"><strong>5. LEGITIMACY<\/strong><\/h3>\n<p class=\"ai-optimize-33\">In accordance with applicable data protection regulations, your personal data may be processed provided that:<\/p>\n<ul>\n<li class=\"ai-optimize-34\">You have given us your consent for the processing of your data. Of course, you can withdraw your consent at any time.<\/li>\n<li class=\"ai-optimize-35\">Due to legal requirements.<\/li>\n<li class=\"ai-optimize-36\">Because there is a legitimate interest that is not undermined by your privacy rights, such as sending commercial information, either by subscribing to our newsletter or because of your status as a customer.<\/li>\n<li class=\"ai-optimize-37\">Because it is necessary for the provision of some of our services through a contractual relationship between you and us.<\/li>\n<\/ul>\n<h3 class=\"ai-optimize-38\"><strong>6. COMMUNICATION OF PERSONAL DATA<\/strong><\/h3>\n<p class=\"ai-optimize-39\">The data may be shared with related companies\u00a0<strong>QHERO,<\/strong>\u00a0for the provision of various services as Data Processors. The company will not transfer data to any third party, except when legally required to do so.<\/p>\n<h3 class=\"ai-optimize-40\"><strong>7. YOUR RIGHTS<\/strong><\/h3>\n<p class=\"ai-optimize-41\">Regarding the collection and processing of your personal data, you can contact us at any time to:<\/p>\n<ul>\n<li class=\"ai-optimize-42\">Access your personal data and any other information indicated in Article 15.1 of the GDPR.<\/li>\n<li class=\"ai-optimize-43\">Rectify your personal data that is inaccurate or incomplete in accordance with Article 16 of the GDPR.<\/li>\n<li class=\"ai-optimize-44\">Delete your personal data in accordance with Article 17 of the GDPR.<\/li>\n<li class=\"ai-optimize-45\">Limit the processing of your personal data in accordance with Article 18 of the GDPR.<\/li>\n<li class=\"ai-optimize-46\">Request the portability of your data in accordance with Article 20 of the GDPR.<\/li>\n<li class=\"ai-optimize-47\">Object to the processing of your personal data in accordance with Article 21 of the GDPR.<\/li>\n<\/ul>\n<p class=\"ai-optimize-48\">If you have given your consent for a specific purpose, you have the right to withdraw that consent at any time, without affecting the lawfulness of the processing based on consent before its withdrawal.<\/p>\n<p class=\"ai-optimize-49\">You can exercise these rights by sending a reasoned and documented communication to the following <a href=\"https:\/\/qhero.net\/contactanos\/\">contact form<\/a>.<\/p>\n<p class=\"ai-optimize-50\">You also have the right to lodge a complaint with the competent supervisory authority (<a class=\"rank-math-link\" href=\"https:\/\/www.aepd.es\/\" target=\"_blank\" rel=\"noopener noreferrer\">www.aepd.es<\/a>) if you believe that the treatment does not comply with current regulations.<\/p>\n<h3 class=\"ai-optimize-51\"><strong>8. LEGAL INFORMATION<\/strong><\/h3>\n<p class=\"ai-optimize-52\">The requirements of this Policy supplement, and do not replace, any other existing requirements under applicable data protection law, which will prevail in any case.<\/p>\n<p class=\"ai-optimize-53\">This Policy is subject to periodic review and may be modified by the company at any time. When this occurs, we will notify you of any changes and ask you to review the latest version of our Policy and confirm your acceptance.<\/p>","protected":false},"excerpt":{"rendered":"<p>\u00daltima actualizaci\u00f3n: Julio 2023. 1.\u00a0INFORMACI\u00d3N AL USUARIO QHERO, como Responsable del Tratamiento, le informa que, seg\u00fan lo dispuesto en el Reglamento (UE) 2016\/679, del 27 de abril, (RGPD) y en la L.O. 3\/2018, del 5 de diciembre, de protecci\u00f3n de datos y garant\u00eda de los derechos digitales (LOPDGDD), trataremos sus datos tal y como reflejamos [&hellip;]<\/p>\n","protected":false},"author":22617,"featured_media":0,"parent":0,"menu_order":0,"comment_status":"open","ping_status":"closed","template":"","meta":{"googlesitekit_rrm_CAowjZ7eCw:productID":"","footnotes":""},"class_list":["post-3233","page","type-page","status-publish"],"yoast_head":"<!-- This site is optimized with the Yoast SEO Premium plugin v26.7 (Yoast SEO v27.5) - https:\/\/yoast.com\/product\/yoast-seo-premium-wordpress\/ -->\n<title>Pol\u00edtica de privacidad | Geekine.com<\/title>\n<meta name=\"robots\" content=\"index, follow, max-snippet:-1, max-image-preview:large, max-video-preview:-1\" \/>\n<link rel=\"canonical\" href=\"https:\/\/geekine.com\/en\/privacy-policy\/\" \/>\n<meta property=\"og:locale\" content=\"en_US\" \/>\n<meta property=\"og:type\" content=\"article\" \/>\n<meta property=\"og:title\" content=\"Pol\u00edtica de privacidad\" \/>\n<meta property=\"og:description\" content=\"\u00daltima actualizaci\u00f3n: Julio 2023. 1.\u00a0INFORMACI\u00d3N AL USUARIO QHERO, como Responsable del Tratamiento, le informa que, seg\u00fan lo dispuesto en el Reglamento (UE) 2016\/679, del 27 de abril, (RGPD) y en la L.O. 3\/2018, del 5 de diciembre, de protecci\u00f3n de datos y garant\u00eda de los derechos digitales (LOPDGDD), trataremos sus datos tal y como reflejamos [&hellip;]\" \/>\n<meta property=\"og:url\" content=\"https:\/\/geekine.com\/en\/privacy-policy\/\" \/>\n<meta property=\"og:site_name\" content=\"Geekine: Tecnolog\u00eda, Videojuegos, Gadgets, Apps, Cine y Ciencia\" \/>\n<meta property=\"article:modified_time\" content=\"2025-06-15T05:44:06+00:00\" \/>\n<meta property=\"og:image\" content=\"https:\/\/geekine.com\/wp-content\/uploads\/2024\/12\/Logo-Original-NEW.png\" \/>\n\t<meta property=\"og:image:width\" content=\"297\" \/>\n\t<meta property=\"og:image:height\" content=\"60\" \/>\n\t<meta property=\"og:image:type\" content=\"image\/png\" \/>\n<meta name=\"twitter:card\" content=\"summary_large_image\" \/>\n<meta name=\"twitter:label1\" content=\"Est. reading time\" \/>\n\t<meta name=\"twitter:data1\" content=\"5 minutes\" \/>\n<script type=\"application\/ld+json\" class=\"yoast-schema-graph\">{\"@context\":\"https:\\\/\\\/schema.org\",\"@graph\":[{\"@type\":\"WebPage\",\"@id\":\"https:\\\/\\\/geekine.com\\\/politica-de-privacidad\\\/\",\"url\":\"https:\\\/\\\/geekine.com\\\/politica-de-privacidad\\\/\",\"name\":\"Pol\u00edtica de privacidad | Geekine.com\",\"isPartOf\":{\"@id\":\"https:\\\/\\\/geekine.com\\\/#website\"},\"datePublished\":\"2017-07-12T09:37:10+00:00\",\"dateModified\":\"2025-06-15T05:44:06+00:00\",\"breadcrumb\":{\"@id\":\"https:\\\/\\\/geekine.com\\\/politica-de-privacidad\\\/#breadcrumb\"},\"inLanguage\":\"en-US\",\"potentialAction\":[{\"@type\":\"ReadAction\",\"target\":[\"https:\\\/\\\/geekine.com\\\/politica-de-privacidad\\\/\"]}]},{\"@type\":\"BreadcrumbList\",\"@id\":\"https:\\\/\\\/geekine.com\\\/politica-de-privacidad\\\/#breadcrumb\",\"itemListElement\":[{\"@type\":\"ListItem\",\"position\":1,\"name\":\"Inicio\",\"item\":\"https:\\\/\\\/geekine.com\\\/\"},{\"@type\":\"ListItem\",\"position\":2,\"name\":\"Pol\u00edtica de privacidad\"}]},{\"@type\":\"WebSite\",\"@id\":\"https:\\\/\\\/geekine.com\\\/#website\",\"url\":\"https:\\\/\\\/geekine.com\\\/\",\"name\":\"Geekine\",\"description\":\"Tecnolog\u00eda, Videojuegos, Gadgets, Apps, Cine y Ciencia\",\"publisher\":{\"@id\":\"https:\\\/\\\/geekine.com\\\/#organization\"},\"alternateName\":\"Geekine.com\",\"potentialAction\":[{\"@type\":\"SearchAction\",\"target\":{\"@type\":\"EntryPoint\",\"urlTemplate\":\"https:\\\/\\\/geekine.com\\\/?s={search_term_string}\"},\"query-input\":{\"@type\":\"PropertyValueSpecification\",\"valueRequired\":true,\"valueName\":\"search_term_string\"}}],\"inLanguage\":\"en-US\"},{\"@type\":\"Organization\",\"@id\":\"https:\\\/\\\/geekine.com\\\/#organization\",\"name\":\"Geekine\",\"alternateName\":\"Geekine.com\",\"url\":\"https:\\\/\\\/geekine.com\\\/\",\"logo\":{\"@type\":\"ImageObject\",\"inLanguage\":\"en-US\",\"@id\":\"https:\\\/\\\/geekine.com\\\/#\\\/schema\\\/logo\\\/image\\\/\",\"url\":null,\"contentUrl\":null,\"width\":null,\"height\":null,\"caption\":\"Geekine\"},\"image\":{\"@id\":\"https:\\\/\\\/geekine.com\\\/#\\\/schema\\\/logo\\\/image\\\/\"},\"sameAs\":[\"https:\\\/\\\/co.pinterest.com\\\/geekinecom\\\/\"],\"description\":\"Geekine es tu universo geek de tecnolog\u00eda, videojuegos, gadgets, apps, cine y ciencia. Publicamos noticias frescas, an\u00e1lisis expertos y rese\u00f1as en espa\u00f1ol.\",\"publishingPrinciples\":\"https:\\\/\\\/geekine.com\\\/terminos-y-condiciones\\\/\"}]}<\/script>\n<!-- \/ Yoast SEO Premium plugin. -->","yoast_head_json":{"title":"Privacy Policy | Geekine.com","robots":{"index":"index","follow":"follow","max-snippet":"max-snippet:-1","max-image-preview":"max-image-preview:large","max-video-preview":"max-video-preview:-1"},"canonical":"https:\/\/geekine.com\/en\/privacy-policy\/","og_locale":"en_US","og_type":"article","og_title":"Pol\u00edtica de privacidad","og_description":"\u00daltima actualizaci\u00f3n: Julio 2023. 1.\u00a0INFORMACI\u00d3N AL USUARIO QHERO, como Responsable del Tratamiento, le informa que, seg\u00fan lo dispuesto en el Reglamento (UE) 2016\/679, del 27 de abril, (RGPD) y en la L.O. 3\/2018, del 5 de diciembre, de protecci\u00f3n de datos y garant\u00eda de los derechos digitales (LOPDGDD), trataremos sus datos tal y como reflejamos [&hellip;]","og_url":"https:\/\/geekine.com\/en\/privacy-policy\/","og_site_name":"Geekine: Tecnolog\u00eda, Videojuegos, Gadgets, Apps, Cine y Ciencia","article_modified_time":"2025-06-15T05:44:06+00:00","og_image":[{"width":297,"height":60,"url":"https:\/\/geekine.com\/wp-content\/uploads\/2024\/12\/Logo-Original-NEW.png","type":"image\/png"}],"twitter_card":"summary_large_image","twitter_misc":{"Est. reading time":"5 minutes"},"schema":{"@context":"https:\/\/schema.org","@graph":[{"@type":"WebPage","@id":"https:\/\/geekine.com\/politica-de-privacidad\/","url":"https:\/\/geekine.com\/politica-de-privacidad\/","name":"Privacy Policy | Geekine.com","isPartOf":{"@id":"https:\/\/geekine.com\/#website"},"datePublished":"2017-07-12T09:37:10+00:00","dateModified":"2025-06-15T05:44:06+00:00","breadcrumb":{"@id":"https:\/\/geekine.com\/politica-de-privacidad\/#breadcrumb"},"inLanguage":"en-US","potentialAction":[{"@type":"ReadAction","target":["https:\/\/geekine.com\/politica-de-privacidad\/"]}]},{"@type":"BreadcrumbList","@id":"https:\/\/geekine.com\/politica-de-privacidad\/#breadcrumb","itemListElement":[{"@type":"ListItem","position":1,"name":"Inicio","item":"https:\/\/geekine.com\/"},{"@type":"ListItem","position":2,"name":"Pol\u00edtica de privacidad"}]},{"@type":"WebSite","@id":"https:\/\/geekine.com\/#website","url":"https:\/\/geekine.com\/","name":"Geekine","description":"Technology, Video Games, Gadgets, Apps, Movies and Science","publisher":{"@id":"https:\/\/geekine.com\/#organization"},"alternateName":"Geekine.com","potentialAction":[{"@type":"SearchAction","target":{"@type":"EntryPoint","urlTemplate":"https:\/\/geekine.com\/?s={search_term_string}"},"query-input":{"@type":"PropertyValueSpecification","valueRequired":true,"valueName":"search_term_string"}}],"inLanguage":"en-US"},{"@type":"Organization","@id":"https:\/\/geekine.com\/#organization","name":"Geekine","alternateName":"Geekine.com","url":"https:\/\/geekine.com\/","logo":{"@type":"ImageObject","inLanguage":"en-US","@id":"https:\/\/geekine.com\/#\/schema\/logo\/image\/","url":null,"contentUrl":null,"width":null,"height":null,"caption":"Geekine"},"image":{"@id":"https:\/\/geekine.com\/#\/schema\/logo\/image\/"},"sameAs":["https:\/\/co.pinterest.com\/geekinecom\/"],"description":"Geekine is your geeky universe of technology, video games, gadgets, apps, movies, and science. We publish fresh news, expert analysis, and reviews in Spanish.","publishingPrinciples":"https:\/\/geekine.com\/terminos-y-condiciones\/"}]}},"_links":{"self":[{"href":"https:\/\/geekine.com\/en\/wp-json\/wp\/v2\/pages\/3233","targetHints":{"allow":["GET"]}}],"collection":[{"href":"https:\/\/geekine.com\/en\/wp-json\/wp\/v2\/pages"}],"about":[{"href":"https:\/\/geekine.com\/en\/wp-json\/wp\/v2\/types\/page"}],"author":[{"embeddable":true,"href":"https:\/\/geekine.com\/en\/wp-json\/wp\/v2\/users\/22617"}],"replies":[{"embeddable":true,"href":"https:\/\/geekine.com\/en\/wp-json\/wp\/v2\/comments?post=3233"}],"version-history":[{"count":0,"href":"https:\/\/geekine.com\/en\/wp-json\/wp\/v2\/pages\/3233\/revisions"}],"wp:attachment":[{"href":"https:\/\/geekine.com\/en\/wp-json\/wp\/v2\/media?parent=3233"}],"curies":[{"name":"wp","href":"https:\/\/api.w.org\/{rel}","templated":true}]}}