{"id":3235,"date":"2020-08-24T01:17:14","date_gmt":"2020-08-24T06:17:14","guid":{"rendered":"https:\/\/www.geekine.com\/politica-de-cookies\/"},"modified":"2024-06-13T01:08:53","modified_gmt":"2024-06-13T06:08:53","slug":"cookie-policy","status":"publish","type":"page","link":"https:\/\/geekine.com\/en\/cookie-policy\/","title":{"rendered":"Cookies policy"},"content":{"rendered":"<p>Cookies are small pieces of information that are stored in the browser used by each user so that the server can remember certain information that it may use later.<\/p>\n<h3>TYPES OF COOKIES WE USE<\/h3>\n<p>This website uses third-party cookies, which are those sent to your computer or terminal from a domain or website that is not managed by us, but by another entity that processes the data obtained through the cookies.<\/p>\n<p>In this case, Cookies are used for statistical purposes related to the visits received and the pages consulted, and their use is accepted when browsing the site.<\/p>\n<figure class=\"wp-block-table\">\n<table style=\"width: 100%;\">\n<tbody>\n<tr>\n<th style=\"width: 28.0953%;\">COOKIE<br \/>\n(AND SUPPLIER)<\/th>\n<th style=\"width: 23.0158%;\">DURATION<\/th>\n<th style=\"width: 47.3016%;\">DESCRIPTION<\/th>\n<\/tr>\n<tr>\n<td style=\"width: 28.0953%;\">__cfduid (notin.es)<\/td>\n<td style=\"width: 23.0158%;\">Session<\/td>\n<td style=\"width: 47.3016%;\">Advertising<\/td>\n<\/tr>\n<tr>\n<td style=\"width: 28.0953%;\">personalization_id (twitter.com)<\/td>\n<td style=\"width: 23.0158%;\">Session<\/td>\n<td style=\"width: 47.3016%;\">Twitter<\/td>\n<\/tr>\n<tr>\n<td style=\"width: 28.0953%;\">Facebook<\/td>\n<td style=\"width: 23.0158%;\">Advertising, statistics and measurements<\/td>\n<td style=\"width: 47.3016%;\">It places cookies on your computer or device and receives the information stored in them when you use or visit services provided by other companies that use Facebook services.<\/td>\n<\/tr>\n<tr>\n<td style=\"width: 28.0953%;\">_ga (Google)<\/td>\n<td style=\"width: 23.0158%;\">2 years<\/td>\n<td style=\"width: 47.3016%;\">It is used to distinguish users.<\/td>\n<\/tr>\n<tr>\n<td style=\"width: 28.0953%;\">_gid (Google)<\/td>\n<td style=\"width: 23.0158%;\">24 hours<\/td>\n<td style=\"width: 47.3016%;\">It is used to distinguish users.<\/td>\n<\/tr>\n<tr>\n<td style=\"width: 28.0953%;\">_gat (Google)<\/td>\n<td style=\"width: 23.0158%;\">1 minute<\/td>\n<td style=\"width: 47.3016%;\">It is used to limit the percentage of requests. If you have implemented Google Analytics using Google Tag Manager, this cookie will be called _dc_gtm_ .<\/td>\n<\/tr>\n<tr>\n<td style=\"width: 28.0953%;\">_gali (Google)<\/td>\n<td style=\"width: 23.0158%;\">30 s<\/td>\n<td style=\"width: 47.3016%;\">Improved link attribution.<\/td>\n<\/tr>\n<tr>\n<td style=\"width: 28.0953%;\">_unam (SHARETHIS)<\/td>\n<td style=\"width: 23.0158%;\">Persistent<\/td>\n<td style=\"width: 47.3016%;\">Its purpose is to quantify the number of users who share certain content and how many web pages are visited as a result of that action.<<\/td>\n<\/tr>\n<tr>\n<td style=\"width: 28.0953%;\">WordPress<\/td>\n<td style=\"width: 23.0158%;\">2 years<\/td>\n<td style=\"width: 47.3016%;\">Used for the proper functioning of the WordPress content manager.<\/td>\n<\/tr>\n<\/tbody>\n<\/table>\n<\/figure>\n<p>If you would like more information about the types of Google tracking and data analysis cookies, <strong><a class=\"rank-math-link\" href=\"https:\/\/www.google.com\/intl\/es_es\/policies\/technologies\/types\/\" target=\"_blank\" rel=\"noopener\">Click here<\/a>.<\/strong><\/p>\n<p>To learn how to delete cookies from your browser:<\/p>\n<ul>\n<li><strong><a class=\"rank-math-link\" href=\"https:\/\/support.mozilla.org\/es\/kb\/habilitar-y-deshabilitar-cookies-sitios-web-rastrear-preferencias\" target=\"_blank\" rel=\"noopener\">Firefox<\/a><\/strong><\/li>\n<li><strong><a class=\"rank-math-link\" href=\"https:\/\/support.google.com\/chrome\/answer\/95647?hl=es\" target=\"_blank\" rel=\"noopener\">Chrome<\/a><\/strong><\/li>\n<li><strong><a class=\"rank-math-link\" href=\"https:\/\/support.microsoft.com\/es-es\/microsoft-edge\/eliminar-las-cookies-en-microsoft-edge-63947406-40ac-c3b8-57b9-2a946a29ae09\" target=\"_blank\" rel=\"noopener\">Microsoft Edge<\/a><\/strong><\/li>\n<li><strong><a class=\"rank-math-link\" href=\"https:\/\/support.apple.com\/kb\/PH19214?viewlocale=es_ES&amp;locale=es_ES\" target=\"_blank\" rel=\"noopener\">Safari<\/a><\/strong><\/li>\n<\/ul>","protected":false},"excerpt":{"rendered":"<p>Las cookies son peque\u00f1as cantidades de informaci\u00f3n que se almacenan en el navegador utilizado por cada usuario para que el servidor recuerde cierta informaci\u00f3n que posteriormente pueda utilizar. TIPOS DE COOKIES QUE UTILIZAMOS Este sitio web utiliza cookies de terceros que son aquellas que se env\u00edan a tu ordenador o terminal desde un dominio o [&hellip;]<\/p>\n","protected":false},"author":22617,"featured_media":0,"parent":0,"menu_order":0,"comment_status":"open","ping_status":"closed","template":"","meta":{"googlesitekit_rrm_CAowjZ7eCw:productID":"","footnotes":""},"class_list":["post-3235","page","type-page","status-publish"],"yoast_head":"<!-- This site is optimized with the Yoast SEO Premium plugin v26.7 (Yoast SEO v27.5) - https:\/\/yoast.com\/product\/yoast-seo-premium-wordpress\/ -->\n<title>Pol\u00edtica de cookies | Geekine.com<\/title>\n<meta name=\"robots\" content=\"index, follow, max-snippet:-1, max-image-preview:large, max-video-preview:-1\" \/>\n<link rel=\"canonical\" href=\"https:\/\/geekine.com\/en\/cookie-policy\/\" \/>\n<meta property=\"og:locale\" content=\"en_US\" \/>\n<meta property=\"og:type\" content=\"article\" \/>\n<meta property=\"og:title\" content=\"Pol\u00edtica de cookies\" \/>\n<meta property=\"og:description\" content=\"Las cookies son peque\u00f1as cantidades de informaci\u00f3n que se almacenan en el navegador utilizado por cada usuario para que el servidor recuerde cierta informaci\u00f3n que posteriormente pueda utilizar. TIPOS DE COOKIES QUE UTILIZAMOS Este sitio web utiliza cookies de terceros que son aquellas que se env\u00edan a tu ordenador o terminal desde un dominio o [&hellip;]\" \/>\n<meta property=\"og:url\" content=\"https:\/\/geekine.com\/en\/cookie-policy\/\" \/>\n<meta property=\"og:site_name\" content=\"Geekine: Tecnolog\u00eda, Videojuegos, Gadgets, Apps, Cine y Ciencia\" \/>\n<meta property=\"article:modified_time\" content=\"2024-06-13T06:08:53+00:00\" \/>\n<meta property=\"og:image\" content=\"https:\/\/geekine.com\/wp-content\/uploads\/2024\/12\/Logo-Original-NEW.png\" \/>\n\t<meta property=\"og:image:width\" content=\"297\" \/>\n\t<meta property=\"og:image:height\" content=\"60\" \/>\n\t<meta property=\"og:image:type\" content=\"image\/png\" \/>\n<meta name=\"twitter:card\" content=\"summary_large_image\" \/>\n<meta name=\"twitter:label1\" content=\"Est. reading time\" \/>\n\t<meta name=\"twitter:data1\" content=\"1 minute\" \/>\n<script type=\"application\/ld+json\" class=\"yoast-schema-graph\">{\"@context\":\"https:\\\/\\\/schema.org\",\"@graph\":[{\"@type\":\"WebPage\",\"@id\":\"https:\\\/\\\/geekine.com\\\/politica-de-cookies\\\/\",\"url\":\"https:\\\/\\\/geekine.com\\\/politica-de-cookies\\\/\",\"name\":\"Pol\u00edtica de cookies | Geekine.com\",\"isPartOf\":{\"@id\":\"https:\\\/\\\/geekine.com\\\/#website\"},\"datePublished\":\"2020-08-24T06:17:14+00:00\",\"dateModified\":\"2024-06-13T06:08:53+00:00\",\"breadcrumb\":{\"@id\":\"https:\\\/\\\/geekine.com\\\/politica-de-cookies\\\/#breadcrumb\"},\"inLanguage\":\"en-US\",\"potentialAction\":[{\"@type\":\"ReadAction\",\"target\":[\"https:\\\/\\\/geekine.com\\\/politica-de-cookies\\\/\"]}]},{\"@type\":\"BreadcrumbList\",\"@id\":\"https:\\\/\\\/geekine.com\\\/politica-de-cookies\\\/#breadcrumb\",\"itemListElement\":[{\"@type\":\"ListItem\",\"position\":1,\"name\":\"Inicio\",\"item\":\"https:\\\/\\\/geekine.com\\\/\"},{\"@type\":\"ListItem\",\"position\":2,\"name\":\"Pol\u00edtica de cookies\"}]},{\"@type\":\"WebSite\",\"@id\":\"https:\\\/\\\/geekine.com\\\/#website\",\"url\":\"https:\\\/\\\/geekine.com\\\/\",\"name\":\"Geekine\",\"description\":\"Tecnolog\u00eda, Videojuegos, Gadgets, Apps, Cine y Ciencia\",\"publisher\":{\"@id\":\"https:\\\/\\\/geekine.com\\\/#organization\"},\"alternateName\":\"Geekine.com\",\"potentialAction\":[{\"@type\":\"SearchAction\",\"target\":{\"@type\":\"EntryPoint\",\"urlTemplate\":\"https:\\\/\\\/geekine.com\\\/?s={search_term_string}\"},\"query-input\":{\"@type\":\"PropertyValueSpecification\",\"valueRequired\":true,\"valueName\":\"search_term_string\"}}],\"inLanguage\":\"en-US\"},{\"@type\":\"Organization\",\"@id\":\"https:\\\/\\\/geekine.com\\\/#organization\",\"name\":\"Geekine\",\"alternateName\":\"Geekine.com\",\"url\":\"https:\\\/\\\/geekine.com\\\/\",\"logo\":{\"@type\":\"ImageObject\",\"inLanguage\":\"en-US\",\"@id\":\"https:\\\/\\\/geekine.com\\\/#\\\/schema\\\/logo\\\/image\\\/\",\"url\":null,\"contentUrl\":null,\"width\":null,\"height\":null,\"caption\":\"Geekine\"},\"image\":{\"@id\":\"https:\\\/\\\/geekine.com\\\/#\\\/schema\\\/logo\\\/image\\\/\"},\"sameAs\":[\"https:\\\/\\\/co.pinterest.com\\\/geekinecom\\\/\"],\"description\":\"Geekine es tu universo geek de tecnolog\u00eda, videojuegos, gadgets, apps, cine y ciencia. Publicamos noticias frescas, an\u00e1lisis expertos y rese\u00f1as en espa\u00f1ol.\",\"publishingPrinciples\":\"https:\\\/\\\/geekine.com\\\/terminos-y-condiciones\\\/\"}]}<\/script>\n<!-- \/ Yoast SEO Premium plugin. -->","yoast_head_json":{"title":"Cookies policy | Geekine.com","robots":{"index":"index","follow":"follow","max-snippet":"max-snippet:-1","max-image-preview":"max-image-preview:large","max-video-preview":"max-video-preview:-1"},"canonical":"https:\/\/geekine.com\/en\/cookie-policy\/","og_locale":"en_US","og_type":"article","og_title":"Pol\u00edtica de cookies","og_description":"Las cookies son peque\u00f1as cantidades de informaci\u00f3n que se almacenan en el navegador utilizado por cada usuario para que el servidor recuerde cierta informaci\u00f3n que posteriormente pueda utilizar. TIPOS DE COOKIES QUE UTILIZAMOS Este sitio web utiliza cookies de terceros que son aquellas que se env\u00edan a tu ordenador o terminal desde un dominio o [&hellip;]","og_url":"https:\/\/geekine.com\/en\/cookie-policy\/","og_site_name":"Geekine: Tecnolog\u00eda, Videojuegos, Gadgets, Apps, Cine y Ciencia","article_modified_time":"2024-06-13T06:08:53+00:00","og_image":[{"width":297,"height":60,"url":"https:\/\/geekine.com\/wp-content\/uploads\/2024\/12\/Logo-Original-NEW.png","type":"image\/png"}],"twitter_card":"summary_large_image","twitter_misc":{"Est. reading time":"1 minute"},"schema":{"@context":"https:\/\/schema.org","@graph":[{"@type":"WebPage","@id":"https:\/\/geekine.com\/politica-de-cookies\/","url":"https:\/\/geekine.com\/politica-de-cookies\/","name":"Cookies policy | Geekine.com","isPartOf":{"@id":"https:\/\/geekine.com\/#website"},"datePublished":"2020-08-24T06:17:14+00:00","dateModified":"2024-06-13T06:08:53+00:00","breadcrumb":{"@id":"https:\/\/geekine.com\/politica-de-cookies\/#breadcrumb"},"inLanguage":"en-US","potentialAction":[{"@type":"ReadAction","target":["https:\/\/geekine.com\/politica-de-cookies\/"]}]},{"@type":"BreadcrumbList","@id":"https:\/\/geekine.com\/politica-de-cookies\/#breadcrumb","itemListElement":[{"@type":"ListItem","position":1,"name":"Inicio","item":"https:\/\/geekine.com\/"},{"@type":"ListItem","position":2,"name":"Pol\u00edtica de cookies"}]},{"@type":"WebSite","@id":"https:\/\/geekine.com\/#website","url":"https:\/\/geekine.com\/","name":"Geekine","description":"Technology, Video Games, Gadgets, Apps, Movies and Science","publisher":{"@id":"https:\/\/geekine.com\/#organization"},"alternateName":"Geekine.com","potentialAction":[{"@type":"SearchAction","target":{"@type":"EntryPoint","urlTemplate":"https:\/\/geekine.com\/?s={search_term_string}"},"query-input":{"@type":"PropertyValueSpecification","valueRequired":true,"valueName":"search_term_string"}}],"inLanguage":"en-US"},{"@type":"Organization","@id":"https:\/\/geekine.com\/#organization","name":"Geekine","alternateName":"Geekine.com","url":"https:\/\/geekine.com\/","logo":{"@type":"ImageObject","inLanguage":"en-US","@id":"https:\/\/geekine.com\/#\/schema\/logo\/image\/","url":null,"contentUrl":null,"width":null,"height":null,"caption":"Geekine"},"image":{"@id":"https:\/\/geekine.com\/#\/schema\/logo\/image\/"},"sameAs":["https:\/\/co.pinterest.com\/geekinecom\/"],"description":"Geekine is your geeky universe of technology, video games, gadgets, apps, movies, and science. We publish fresh news, expert analysis, and reviews in Spanish.","publishingPrinciples":"https:\/\/geekine.com\/terminos-y-condiciones\/"}]}},"_links":{"self":[{"href":"https:\/\/geekine.com\/en\/wp-json\/wp\/v2\/pages\/3235","targetHints":{"allow":["GET"]}}],"collection":[{"href":"https:\/\/geekine.com\/en\/wp-json\/wp\/v2\/pages"}],"about":[{"href":"https:\/\/geekine.com\/en\/wp-json\/wp\/v2\/types\/page"}],"author":[{"embeddable":true,"href":"https:\/\/geekine.com\/en\/wp-json\/wp\/v2\/users\/22617"}],"replies":[{"embeddable":true,"href":"https:\/\/geekine.com\/en\/wp-json\/wp\/v2\/comments?post=3235"}],"version-history":[{"count":0,"href":"https:\/\/geekine.com\/en\/wp-json\/wp\/v2\/pages\/3235\/revisions"}],"wp:attachment":[{"href":"https:\/\/geekine.com\/en\/wp-json\/wp\/v2\/media?parent=3235"}],"curies":[{"name":"wp","href":"https:\/\/api.w.org\/{rel}","templated":true}]}}