{"id":34022,"date":"2025-12-23T12:36:11","date_gmt":"2025-12-23T17:36:11","guid":{"rendered":"https:\/\/geekine.com\/?page_id=34022"},"modified":"2025-12-24T00:33:05","modified_gmt":"2025-12-24T05:33:05","slug":"avengers-doomsday-countdown","status":"publish","type":"page","link":"https:\/\/geekine.com\/en\/avengers-doomsday-countdown\/","title":{"rendered":"Avengers: Doomsday - Countdown"},"content":{"rendered":"<style data-no-optimize=\"1\">\n    @font-face{\n      font-family:\"Gidole\";\n      src:\n        url(\"https:\/\/files.fontsme.com\/g\/546\/546\/file\/gidole.regular.otf\") format(\"opentype\"),\n        url(\"https:\/\/files.fontsme.com\/g\/546\/546\/file\/gidole.regular.ttf\") format(\"truetype\");\n      font-weight:400;\n      font-style:normal;\n      font-display:swap;\n    }\n\n    body.dd-countdown-page{overflow:hidden!important;}\n    body.dd-countdown-page header, body.dd-countdown-page footer{display:none!important;}\n\n    #dd-wrap, #dd-wrap *{box-sizing:border-box!important;}\n    #dd-wrap{\n      position:fixed!important; inset:0!important; width:100vw!important; height:100vh!important;\n      z-index:999999!important; overflow:hidden!important; background:#000!important;\n\n      \/* \u2705 SUBE EL CONTADOR (como trailer): menor vh = m\u00e1s arriba *\/\n      --ddTimerY: 20.0vh;\n\n      --ddNumMax: 30px; --ddNumMin: 14px; --ddNumVW: 2.15vw; --ddNumLetter: .30em;\n      --ddLblMax: 10px; --ddLblMin: 8px;  --ddLblLetter: .20em;\n\n      --ddVignette: .26;\n    }\n\n    #dd-bg{position:absolute; inset:0; z-index:1; background-size:cover; background-position:center; background-repeat:no-repeat; transform:scale(1.02); filter:saturate(1.06) contrast(1.05);}\n    #dd-vignette{\n      position:absolute; inset:0; z-index:2;\n      background:\n        radial-gradient(70% 70% at 50% 50%, rgba(0,0,0,0.00) 58%, rgba(0,0,0,var(--ddVignette)) 100%),\n        linear-gradient(180deg, rgba(0,0,0,.52), rgba(0,0,0,.10), rgba(0,0,0,.52));\n    }\n\n    #dd-green-ambient{\n      position:absolute; inset:0; z-index:2;\n      background: radial-gradient(45% 25% at 50% 52%, rgba(0,255,140,.14), rgba(0,0,0,0) 70%);\n      mix-blend-mode: screen;\n      pointer-events:none;\n      opacity:.72;\n      animation: ddGreenPulse 2.6s ease-in-out infinite;\n      filter: blur(0.4px);\n    }\n    @keyframes ddGreenPulse{\n      0%   { transform: translate3d(0,0,0) scale(1);     opacity:.62; }\n      50%  { transform: translate3d(0,-6px,0) scale(1.06); opacity:.88; }\n      100% { transform: translate3d(0,0,0) scale(1);     opacity:.62; }\n    }\n\n    #dd-overlay{\n      position:relative; z-index:3; width:100%; height:100%;\n      display:flex; flex-direction:column; align-items:center; justify-content:center;\n      \/* \u2705 reduce un poco el padding inferior para que m\u00f3vil no \u201cencime\u201d elementos *\/\n      padding:24px 16px calc(70px + env(safe-area-inset-bottom));\n      text-align:center;\n    }\n\n    #dd-center{ width:min(980px, 92vw); transform: translateY(var(--ddTimerY)); }\n\n    #dd-timer{\n      display:flex; align-items:flex-start; justify-content:center;\n      gap:12px;\n      color:#fff!important;\n      font-variant-numeric: tabular-nums!important;\n      text-shadow: 0 2px 12px rgba(0,0,0,.55);\n    }\n\n    .dd-unit{display:flex; flex-direction:column; align-items:center; justify-content:center; min-width:86px;}\n    .dd-num{\n      font-family: \"Gidole\", system-ui,-apple-system,\"Segoe UI\",Roboto,Arial,sans-serif!important;\n      font-weight:700!important;\n      letter-spacing: var(--ddNumLetter)!important;\n      font-size: clamp(var(--ddNumMin), var(--ddNumVW), var(--ddNumMax))!important;\n      line-height:1.10!important;\n      white-space:nowrap!important;\n    }\n    .dd-lbl{\n      margin-top:7px;\n      color:rgba(255,255,255,.78)!important;\n      font-family: \"Gidole\", system-ui,-apple-system,\"Segoe UI\",Roboto,Arial,sans-serif!important;\n      font-weight:700!important;\n      font-size: clamp(var(--ddLblMin), 1.05vw, var(--ddLblMax))!important;\n      letter-spacing: var(--ddLblLetter)!important;\n      text-transform:uppercase!important;\n      line-height:1!important;\n      white-space:nowrap!important;\n    }\n    .dd-sep{\n      font-family: \"Gidole\", system-ui,-apple-system,\"Segoe UI\",Roboto,Arial,sans-serif!important;\n      font-weight:700!important;\n      font-size: clamp(var(--ddNumMin), var(--ddNumVW), var(--ddNumMax))!important;\n      line-height:1.10!important;\n      opacity:.95;\n      position:relative;\n      margin: 0 -15px;\n      top:-1px;\n    }\n\n    #dd-sound{\n      margin-top:12px!important;\n      border:1px solid rgba(255,255,255,.22)!important;\n      background:rgba(0,0,0,.38)!important;\n      color:#fff!important;\n      padding:10px 14px!important;\n      border-radius:14px!important;\n      cursor:pointer!important;\n      font-weight:600!important;\n      backdrop-filter:blur(6px);\n    }\n    #dd-sound:hover{ background:rgba(0,0,0,.58)!important; }\n    #dd-note{ margin-top:10px!important; color:rgba(255,255,255,.65)!important; font-size:12px!important; }\n\n    \/* \u2705 SHARE: una sola fila + scroll (no tapa pantalla en m\u00f3vil) *\/\n    #dd-share{\n      position:absolute!important;\n      bottom:18px!important;\n      left:50%!important;\n      transform:translateX(-50%)!important;\n      display:flex!important;\n      gap:10px!important;\n\n      flex-wrap:nowrap!important;          \/* \u2705 ya no apila en 2\u20133 filas *\/\n      overflow-x:auto!important;           \/* \u2705 si no cabe, se desliza *\/\n      -webkit-overflow-scrolling:touch;\n\n      max-width:min(92vw, 880px)!important;\n      padding:0 8px!important;\n      z-index:4!important;\n    }\n    #dd-share::-webkit-scrollbar{height:0!important;}\n\n    .dd-share{\n      flex:0 0 auto!important;\n      white-space:nowrap!important;\n      color:#fff!important; text-decoration:none!important;\n      border:1px solid rgba(255,255,255,.20)!important; background:rgba(0,0,0,.38)!important;\n      padding:10px 12px!important; border-radius:999px!important;\n      font-weight:600!important; font-size:14px!important;\n      backdrop-filter:blur(6px); cursor:pointer!important;\n    }\n    .dd-share:hover{ background:rgba(0,0,0,.58)!important; }\n\n    \/* Peluzas (queda como lo ten\u00edas) *\/\n    #dd-dust{ position:absolute; inset:0; z-index:3; pointer-events:none; overflow:hidden; }\n    .dd-dust{\n      position:absolute;\n      top:-12vh;\n      width:3px; height:3px; border-radius:999px;\n      background:rgba(255,255,255,.74);\n      filter: blur(0.35px);\n      opacity:.0;\n      will-change: transform, opacity;\n    }\n    .dd-dust.d1{ left:18%; animation: ddFall1 2.35s linear infinite; animation-delay: -0.6s; }\n    .dd-dust.d2{ left:42%; width:4px; height:4px; opacity:.0; animation: ddFall2 2.75s linear infinite; animation-delay: -1.2s; }\n    .dd-dust.d3{ left:64%; animation: ddFall3 2.55s linear infinite; animation-delay: -0.9s; }\n    .dd-dust.d4{ left:82%; width:3px; height:3px; animation: ddFall4 3.05s linear infinite; animation-delay: -1.6s; }\n\n    @keyframes ddFall1{\n      0%{ transform: translate3d(-22px, 0, 0); opacity:0; }\n      10%{ opacity:.55; }\n      100%{ transform: translate3d(95px, 120vh, 0); opacity:0; }\n    }\n    @keyframes ddFall2{\n      0%{ transform: translate3d(-28px, 0, 0); opacity:0; }\n      10%{ opacity:.50; }\n      100%{ transform: translate3d(120px, 120vh, 0); opacity:0; }\n    }\n    @keyframes ddFall3{\n      0%{ transform: translate3d(-18px, 0, 0); opacity:0; }\n      10%{ opacity:.52; }\n      100%{ transform: translate3d(105px, 120vh, 0); opacity:0; }\n    }\n    @keyframes ddFall4{\n      0%{ transform: translate3d(-26px, 0, 0); opacity:0; }\n      10%{ opacity:.46; }\n      100%{ transform: translate3d(130px, 120vh, 0); opacity:0; }\n    }\n\n    #dd-final{ position:absolute; inset:0; z-index:6; display:none; background:#000; }\n    #dd-final-mount{ position:absolute; inset:0; }\n    #dd-final iframe, #dd-final video{ width:100%; height:100%; border:0; }\n    #dd-final video{ object-fit:cover; }\n    #dd-final-hint{\n      position:absolute; left:50%; bottom:22px; transform:translateX(-50%);\n      border:1px solid rgba(255,255,255,.22);\n      background:rgba(0,0,0,.45);\n      color:#fff; padding:10px 14px; border-radius:999px;\n      font-weight:600; backdrop-filter: blur(6px);\n      display:none; z-index:7;\n    }\n\n    \/* \u2705 Ajustes espec\u00edficos para m\u00f3vil *\/\n    @media (max-width: 900px){\n      .dd-unit{min-width:74px;}\n      #dd-wrap{--ddTimerY: 19.0vh;}\n    }\n    @media (max-width: 768px){\n      #dd-wrap{\n        --ddTimerY: 18.0vh;      \/* \u2705 m\u00e1s arriba en m\u00f3vil *\/\n        --ddNumLetter:.26em;\n        --ddLblLetter:.18em;\n      }\n      .dd-unit{min-width:62px;}\n      #dd-timer{gap:10px;}\n      .dd-share{\n        font-size:12px!important;\n        padding:8px 10px!important;\n      }\n      #dd-share{\n        bottom: max(12px, env(safe-area-inset-bottom))!important;\n        max-width: 94vw!important;\n        gap:8px!important;\n      }\n    }\n  <\/style>\n\n  <div id=\"dd-wrap\" data-cfg=\"{&quot;bgUrl&quot;:&quot;https:\\\/\\\/geekine.com\\\/wp-content\\\/uploads\\\/2025\\\/12\\\/Avengers_DoomsDay_2026-scaled.png&quot;,&quot;audioUrl&quot;:&quot;https:\\\/\\\/geekine.com\\\/wp-content\\\/uploads\\\/2025\\\/12\\\/Sound_Doomsday_looped_30s.mp3&quot;,&quot;mode&quot;:&quot;fixed&quot;,&quot;releaseISO&quot;:&quot;2026-12-18T00:25:12-05:00&quot;,&quot;manualAdjustSeconds&quot;:0,&quot;trailerPublishedISO&quot;:&quot;2025-12-23T09:24:00-05:00&quot;,&quot;trailerCounterAtVisible&quot;:{&quot;months&quot;:11,&quot;days&quot;:24,&quot;hours&quot;:15,&quot;minutes&quot;:0,&quot;seconds&quot;:0},&quot;trailerVisibleSeconds&quot;:72,&quot;playFinal&quot;:true,&quot;finalMediaUrl&quot;:&quot;&quot;,&quot;finalEmbedHtml&quot;:&quot;&quot;}\">\n    <div id=\"dd-bg\"><\/div>\n    <div id=\"dd-vignette\"><\/div>\n    <div id=\"dd-green-ambient\"><\/div>\n\n    <div id=\"dd-dust\">\n      <span class=\"dd-dust d1\"><\/span>\n      <span class=\"dd-dust d2\"><\/span>\n      <span class=\"dd-dust d3\"><\/span>\n      <span class=\"dd-dust d4\"><\/span>\n    <\/div>\n\n    <div id=\"dd-overlay\">\n      <div id=\"dd-center\">\n        <div id=\"dd-timer\" role=\"timer\" aria-live=\"polite\">\n          <div class=\"dd-unit\"><div class=\"dd-num\" id=\"dd-months\">00<\/div><div class=\"dd-lbl\">MONTHS<\/div><\/div>\n          <div class=\"dd-sep\">:<\/div>\n          <div class=\"dd-unit\"><div class=\"dd-num\" id=\"dd-days\">00<\/div><div class=\"dd-lbl\">DAYS<\/div><\/div>\n          <div class=\"dd-sep\">:<\/div>\n          <div class=\"dd-unit\"><div class=\"dd-num\" id=\"dd-hours\">00<\/div><div class=\"dd-lbl\">HOURS<\/div><\/div>\n          <div class=\"dd-sep\">:<\/div>\n          <div class=\"dd-unit\"><div class=\"dd-num\" id=\"dd-minutes\">00<\/div><div class=\"dd-lbl\">MINUTES<\/div><\/div>\n          <div class=\"dd-sep\">:<\/div>\n          <div class=\"dd-unit\"><div class=\"dd-num\" id=\"dd-seconds\">00<\/div><div class=\"dd-lbl\">SECOND<\/div><\/div>\n        <\/div>\n\n        <button id=\"dd-sound\" type=\"button\">\ud83d\udd0a Activate sound<\/button>\n        <div id=\"dd-note\">If it does not sound, press \u201cActivate sound\u201d again.<\/div>\n        <audio id=\"dd-audio\" preload=\"auto\"><\/audio>\n      <\/div>\n\n      <div id=\"dd-share\">\n        <a class=\"dd-share\" id=\"dd-fb\" target=\"_blank\" rel=\"noopener\">Facebook<\/a>\n        <a class=\"dd-share\" id=\"dd-x\"  target=\"_blank\" rel=\"noopener\">X<\/a>\n        <a class=\"dd-share\" id=\"dd-wa\" target=\"_blank\" rel=\"noopener\">WhatsApp<\/a>\n        <a class=\"dd-share\" id=\"dd-tg\" target=\"_blank\" rel=\"noopener\">Telegram<\/a>\n        <a class=\"dd-share\" id=\"dd-in\" target=\"_blank\" rel=\"noopener\">LinkedIn<\/a>\n        <button class=\"dd-share\" id=\"dd-copy\" type=\"button\">Copy link<\/button>\n      <\/div>\n    <\/div>\n\n    <div id=\"dd-final\">\n      <div id=\"dd-final-mount\"><\/div>\n      <div id=\"dd-final-hint\"><\/div>\n    <\/div>\n  <\/div>\n\n  <script async data-no-optimize=\"1\" src=\"https:\/\/geekine.com\/wp-admin\/admin-ajax.php?action=dd_doomsday_js&#038;v=8\"><\/script>","protected":false},"excerpt":{"rendered":"","protected":false},"author":1,"featured_media":34039,"parent":0,"menu_order":0,"comment_status":"closed","ping_status":"closed","template":"elementor_canvas","meta":{"googlesitekit_rrm_CAowjZ7eCw:productID":"","footnotes":""},"class_list":["post-34022","page","type-page","status-publish","has-post-thumbnail"],"yoast_head":"<!-- This site is optimized with the Yoast SEO Premium plugin v26.7 (Yoast SEO v27.4) - https:\/\/yoast.com\/product\/yoast-seo-premium-wordpress\/ -->\n<title>Avengers: Doomsday | Countdown | Geekine.com<\/title>\n<meta name=\"description\" content=\"Sigue la cuenta regresiva de Avengers: Doomsday en Geekine: meses, d\u00edas, horas, minutos y segundos hasta el estreno. \u00a1Comparte ...\" \/>\n<meta name=\"robots\" content=\"index, follow, max-snippet:-1, max-image-preview:large, max-video-preview:-1\" \/>\n<link rel=\"canonical\" href=\"https:\/\/geekine.com\/en\/avengers-doomsday-countdown\/\" \/>\n<meta property=\"og:locale\" content=\"en_US\" \/>\n<meta property=\"og:type\" content=\"article\" \/>\n<meta property=\"og:title\" content=\"Avengers: Doomsday | Countdown\" \/>\n<meta property=\"og:description\" content=\"Sigue la cuenta regresiva de Avengers: Doomsday en Geekine: meses, d\u00edas, horas, minutos y segundos hasta el estreno. \u00a1Comparte ...\" \/>\n<meta property=\"og:url\" content=\"https:\/\/geekine.com\/en\/avengers-doomsday-countdown\/\" \/>\n<meta property=\"og:site_name\" content=\"Geekine: Tecnolog\u00eda, Videojuegos, Gadgets, Apps, Cine y Ciencia\" \/>\n<meta property=\"article:modified_time\" content=\"2025-12-24T05:33:05+00:00\" \/>\n<meta property=\"og:image\" content=\"https:\/\/geekine.com\/wp-content\/uploads\/2025\/12\/Avengers_DoomsDay_12_2026-scaled.png\" \/>\n\t<meta property=\"og:image:width\" content=\"2560\" \/>\n\t<meta property=\"og:image:height\" content=\"1429\" \/>\n\t<meta property=\"og:image:type\" content=\"image\/png\" \/>\n<meta name=\"twitter:card\" content=\"summary_large_image\" \/>\n<meta name=\"twitter:label1\" content=\"Est. reading time\" \/>\n\t<meta name=\"twitter:data1\" content=\"1 minute\" \/>\n<script type=\"application\/ld+json\" class=\"yoast-schema-graph\">{\"@context\":\"https:\\\/\\\/schema.org\",\"@graph\":[{\"@type\":\"WebPage\",\"@id\":\"https:\\\/\\\/geekine.com\\\/avengers-doomsday-countdown\\\/\",\"url\":\"https:\\\/\\\/geekine.com\\\/avengers-doomsday-countdown\\\/\",\"name\":\"Avengers: Doomsday | Countdown | Geekine.com\",\"isPartOf\":{\"@id\":\"https:\\\/\\\/geekine.com\\\/#website\"},\"primaryImageOfPage\":{\"@id\":\"https:\\\/\\\/geekine.com\\\/avengers-doomsday-countdown\\\/#primaryimage\"},\"thumbnailUrl\":\"https:\\\/\\\/geekine.com\\\/wp-content\\\/uploads\\\/2025\\\/12\\\/Avengers_DoomsDay_12_2026-scaled.png\",\"datePublished\":\"2025-12-23T17:36:11+00:00\",\"dateModified\":\"2025-12-24T05:33:05+00:00\",\"description\":\"Sigue la cuenta regresiva de Avengers: Doomsday en Geekine: meses, d\u00edas, horas, minutos y segundos hasta el estreno. \u00a1Comparte ...\",\"breadcrumb\":{\"@id\":\"https:\\\/\\\/geekine.com\\\/avengers-doomsday-countdown\\\/#breadcrumb\"},\"inLanguage\":\"en-US\",\"potentialAction\":[{\"@type\":\"ReadAction\",\"target\":[\"https:\\\/\\\/geekine.com\\\/avengers-doomsday-countdown\\\/\"]}]},{\"@type\":\"ImageObject\",\"inLanguage\":\"en-US\",\"@id\":\"https:\\\/\\\/geekine.com\\\/avengers-doomsday-countdown\\\/#primaryimage\",\"url\":\"https:\\\/\\\/geekine.com\\\/wp-content\\\/uploads\\\/2025\\\/12\\\/Avengers_DoomsDay_12_2026-scaled.png\",\"contentUrl\":\"https:\\\/\\\/geekine.com\\\/wp-content\\\/uploads\\\/2025\\\/12\\\/Avengers_DoomsDay_12_2026-scaled.png\",\"width\":\"2560\",\"height\":\"1429\",\"caption\":\"La espera tiene fecha final: El logo oficial de Avengers: Doomsday confirma su estreno para el 18 de diciembre de 2026. \u00a1La cuenta regresiva ha comenzado!\"},{\"@type\":\"BreadcrumbList\",\"@id\":\"https:\\\/\\\/geekine.com\\\/avengers-doomsday-countdown\\\/#breadcrumb\",\"itemListElement\":[{\"@type\":\"ListItem\",\"position\":1,\"name\":\"Inicio\",\"item\":\"https:\\\/\\\/geekine.com\\\/\"},{\"@type\":\"ListItem\",\"position\":2,\"name\":\"Avengers: Doomsday | Countdown\"}]},{\"@type\":\"WebSite\",\"@id\":\"https:\\\/\\\/geekine.com\\\/#website\",\"url\":\"https:\\\/\\\/geekine.com\\\/\",\"name\":\"Geekine\",\"description\":\"Tecnolog\u00eda, Videojuegos, Gadgets, Apps, Cine y Ciencia\",\"publisher\":{\"@id\":\"https:\\\/\\\/geekine.com\\\/#organization\"},\"alternateName\":\"Geekine.com\",\"potentialAction\":[{\"@type\":\"SearchAction\",\"target\":{\"@type\":\"EntryPoint\",\"urlTemplate\":\"https:\\\/\\\/geekine.com\\\/?s={search_term_string}\"},\"query-input\":{\"@type\":\"PropertyValueSpecification\",\"valueRequired\":true,\"valueName\":\"search_term_string\"}}],\"inLanguage\":\"en-US\"},{\"@type\":\"Organization\",\"@id\":\"https:\\\/\\\/geekine.com\\\/#organization\",\"name\":\"Geekine\",\"alternateName\":\"Geekine.com\",\"url\":\"https:\\\/\\\/geekine.com\\\/\",\"logo\":{\"@type\":\"ImageObject\",\"inLanguage\":\"en-US\",\"@id\":\"https:\\\/\\\/geekine.com\\\/#\\\/schema\\\/logo\\\/image\\\/\",\"url\":null,\"contentUrl\":null,\"width\":null,\"height\":null,\"caption\":\"Geekine\"},\"image\":{\"@id\":\"https:\\\/\\\/geekine.com\\\/#\\\/schema\\\/logo\\\/image\\\/\"},\"sameAs\":[\"https:\\\/\\\/co.pinterest.com\\\/geekinecom\\\/\"],\"description\":\"Geekine es tu universo geek de tecnolog\u00eda, videojuegos, gadgets, apps, cine y ciencia. Publicamos noticias frescas, an\u00e1lisis expertos y rese\u00f1as en espa\u00f1ol.\",\"publishingPrinciples\":\"https:\\\/\\\/geekine.com\\\/terminos-y-condiciones\\\/\"}]}<\/script>\n<!-- \/ Yoast SEO Premium plugin. -->","yoast_head_json":{"title":"Avengers: Doomsday | Countdown | Geekine.com","description":"Follow the countdown of Avengers: Doomsday on Geekine: months, days, hours, minutes and seconds until the premiere. Share ...","robots":{"index":"index","follow":"follow","max-snippet":"max-snippet:-1","max-image-preview":"max-image-preview:large","max-video-preview":"max-video-preview:-1"},"canonical":"https:\/\/geekine.com\/en\/avengers-doomsday-countdown\/","og_locale":"en_US","og_type":"article","og_title":"Avengers: Doomsday | Countdown","og_description":"Sigue la cuenta regresiva de Avengers: Doomsday en Geekine: meses, d\u00edas, horas, minutos y segundos hasta el estreno. \u00a1Comparte ...","og_url":"https:\/\/geekine.com\/en\/avengers-doomsday-countdown\/","og_site_name":"Geekine: Tecnolog\u00eda, Videojuegos, Gadgets, Apps, Cine y Ciencia","article_modified_time":"2025-12-24T05:33:05+00:00","og_image":[{"width":2560,"height":1429,"url":"https:\/\/geekine.com\/wp-content\/uploads\/2025\/12\/Avengers_DoomsDay_12_2026-scaled.png","type":"image\/png"}],"twitter_card":"summary_large_image","twitter_misc":{"Est. reading time":"1 minute"},"schema":{"@context":"https:\/\/schema.org","@graph":[{"@type":"WebPage","@id":"https:\/\/geekine.com\/avengers-doomsday-countdown\/","url":"https:\/\/geekine.com\/avengers-doomsday-countdown\/","name":"Avengers: Doomsday | Countdown | Geekine.com","isPartOf":{"@id":"https:\/\/geekine.com\/#website"},"primaryImageOfPage":{"@id":"https:\/\/geekine.com\/avengers-doomsday-countdown\/#primaryimage"},"thumbnailUrl":"https:\/\/geekine.com\/wp-content\/uploads\/2025\/12\/Avengers_DoomsDay_12_2026-scaled.png","datePublished":"2025-12-23T17:36:11+00:00","dateModified":"2025-12-24T05:33:05+00:00","description":"Follow the countdown of Avengers: Doomsday on Geekine: months, days, hours, minutes and seconds until the premiere. Share ...","breadcrumb":{"@id":"https:\/\/geekine.com\/avengers-doomsday-countdown\/#breadcrumb"},"inLanguage":"en-US","potentialAction":[{"@type":"ReadAction","target":["https:\/\/geekine.com\/avengers-doomsday-countdown\/"]}]},{"@type":"ImageObject","inLanguage":"en-US","@id":"https:\/\/geekine.com\/avengers-doomsday-countdown\/#primaryimage","url":"https:\/\/geekine.com\/wp-content\/uploads\/2025\/12\/Avengers_DoomsDay_12_2026-scaled.png","contentUrl":"https:\/\/geekine.com\/wp-content\/uploads\/2025\/12\/Avengers_DoomsDay_12_2026-scaled.png","width":"2560","height":"1429","caption":"La espera tiene fecha final: El logo oficial de Avengers: Doomsday confirma su estreno para el 18 de diciembre de 2026. \u00a1La cuenta regresiva ha comenzado!"},{"@type":"BreadcrumbList","@id":"https:\/\/geekine.com\/avengers-doomsday-countdown\/#breadcrumb","itemListElement":[{"@type":"ListItem","position":1,"name":"Inicio","item":"https:\/\/geekine.com\/"},{"@type":"ListItem","position":2,"name":"Avengers: Doomsday | Countdown"}]},{"@type":"WebSite","@id":"https:\/\/geekine.com\/#website","url":"https:\/\/geekine.com\/","name":"Geekine","description":"Technology, Video Games, Gadgets, Apps, Movies and Science","publisher":{"@id":"https:\/\/geekine.com\/#organization"},"alternateName":"Geekine.com","potentialAction":[{"@type":"SearchAction","target":{"@type":"EntryPoint","urlTemplate":"https:\/\/geekine.com\/?s={search_term_string}"},"query-input":{"@type":"PropertyValueSpecification","valueRequired":true,"valueName":"search_term_string"}}],"inLanguage":"en-US"},{"@type":"Organization","@id":"https:\/\/geekine.com\/#organization","name":"Geekine","alternateName":"Geekine.com","url":"https:\/\/geekine.com\/","logo":{"@type":"ImageObject","inLanguage":"en-US","@id":"https:\/\/geekine.com\/#\/schema\/logo\/image\/","url":null,"contentUrl":null,"width":null,"height":null,"caption":"Geekine"},"image":{"@id":"https:\/\/geekine.com\/#\/schema\/logo\/image\/"},"sameAs":["https:\/\/co.pinterest.com\/geekinecom\/"],"description":"Geekine is your geeky universe of technology, video games, gadgets, apps, movies, and science. We publish fresh news, expert analysis, and reviews in Spanish.","publishingPrinciples":"https:\/\/geekine.com\/terminos-y-condiciones\/"}]}},"_links":{"self":[{"href":"https:\/\/geekine.com\/en\/wp-json\/wp\/v2\/pages\/34022","targetHints":{"allow":["GET"]}}],"collection":[{"href":"https:\/\/geekine.com\/en\/wp-json\/wp\/v2\/pages"}],"about":[{"href":"https:\/\/geekine.com\/en\/wp-json\/wp\/v2\/types\/page"}],"author":[{"embeddable":true,"href":"https:\/\/geekine.com\/en\/wp-json\/wp\/v2\/users\/1"}],"replies":[{"embeddable":true,"href":"https:\/\/geekine.com\/en\/wp-json\/wp\/v2\/comments?post=34022"}],"version-history":[{"count":0,"href":"https:\/\/geekine.com\/en\/wp-json\/wp\/v2\/pages\/34022\/revisions"}],"wp:featuredmedia":[{"embeddable":true,"href":"https:\/\/geekine.com\/en\/wp-json\/wp\/v2\/media\/34039"}],"wp:attachment":[{"href":"https:\/\/geekine.com\/en\/wp-json\/wp\/v2\/media?parent=34022"}],"curies":[{"name":"wp","href":"https:\/\/api.w.org\/{rel}","templated":true}]}}